{"id":2213,"date":"2024-07-11T10:28:07","date_gmt":"2024-07-11T10:28:07","guid":{"rendered":"https:\/\/mitwilltextiles.com\/datenschutzbestimmungen\/"},"modified":"2024-07-30T19:13:50","modified_gmt":"2024-07-30T19:13:50","slug":"datenschutzbestimmungen","status":"publish","type":"page","link":"https:\/\/mitwilltextiles.com\/de\/datenschutzbestimmungen\/","title":{"rendered":"Datenschutzbestimmungen"},"content":{"rendered":"\t\t<div data-elementor-type=\"wp-page\" data-elementor-id=\"2213\" class=\"elementor elementor-2213 elementor-2179\" data-elementor-post-type=\"page\">\n\t\t\t\t\t\t<section class=\"elementor-section elementor-top-section elementor-element elementor-element-7b747be elementor-section-boxed elementor-section-height-default elementor-section-height-default\" data-id=\"7b747be\" data-element_type=\"section\" data-settings=\"{&quot;background_background&quot;:&quot;classic&quot;}\">\n\t\t\t\t\t\t<div class=\"elementor-container elementor-column-gap-default\">\n\t\t\t\t\t<div class=\"elementor-column elementor-col-100 elementor-top-column elementor-element elementor-element-5fce511\" data-id=\"5fce511\" data-element_type=\"column\">\n\t\t\t<div class=\"elementor-widget-wrap elementor-element-populated\">\n\t\t\t\t\t\t<div class=\"elementor-element elementor-element-8ba87bf animated-slow elementor-invisible elementor-widget elementor-widget-heading\" data-id=\"8ba87bf\" data-element_type=\"widget\" data-settings=\"{&quot;_animation&quot;:&quot;slideInUp&quot;,&quot;_animation_delay&quot;:10}\" data-widget_type=\"heading.default\">\n\t\t\t\t<div class=\"elementor-widget-container\">\n\t\t\t<h1 class=\"elementor-heading-title elementor-size-default\">Datenschutzbestimmungen<\/h1>\t\t<\/div>\n\t\t\t\t<\/div>\n\t\t\t\t<div class=\"elementor-element elementor-element-62547f8 animated-slow elementor-invisible elementor-widget elementor-widget-text-editor\" data-id=\"62547f8\" data-element_type=\"widget\" data-settings=\"{&quot;_animation&quot;:&quot;slideInUp&quot;,&quot;_animation_delay&quot;:10}\" data-widget_type=\"text-editor.default\">\n\t\t\t\t<div class=\"elementor-widget-container\">\n\t\t\t\t\t\t\t<p>Zuletzt aktualisiert am 10-Jul-2024  <\/p>\n<p>Datum des Inkrafttretens 10-Jul-2024  <\/p>\n<p>Diese Datenschutzrichtlinie beschreibt die Richtlinien von Mitwill Textiles Europe SARL, 104 rue des Bains, SAUSHEIM 68390, Frankreich, E-Mail: <a href=\"mailto:herve@mitwill.com\">herve@mitwill.com,<\/a> Telefon: <a href=\"tel:+33389578273\">+33389578273<\/a> \u00fcber die Erfassung, Verwendung und Weitergabe Ihrer Daten, die wir bei der Nutzung unserer Website ( <a href=\"https:\/\/mitwilltextiles.com\/de\/\">https:\/\/mitwilltextiles.com<\/a> ) erfassen. (der &#8222;Dienst&#8220;). Indem Sie auf den Service zugreifen oder ihn nutzen, erkl\u00e4ren Sie sich mit der Erfassung, Verwendung und Weitergabe Ihrer Daten in \u00dcbereinstimmung mit dieser Datenschutzerkl\u00e4rung einverstanden. Wenn Sie damit nicht einverstanden sind, bitten wir Sie, den Service nicht zu nutzen.  <\/p>\n<p>Wir k\u00f6nnen diese Datenschutzrichtlinie jederzeit ohne vorherige Ank\u00fcndigung \u00e4ndern und werden die \u00fcberarbeitete Datenschutzrichtlinie im Service ver\u00f6ffentlichen. Die \u00fcberarbeitete Richtlinie tritt 180 Tage nach der Ver\u00f6ffentlichung der \u00fcberarbeiteten Richtlinie im Service in Kraft, und Ihr fortgesetzter Zugriff auf den Service oder dessen Nutzung nach diesem Zeitpunkt gilt als Ihre Zustimmung zur \u00fcberarbeiteten Datenschutzrichtlinie. Wir empfehlen Ihnen daher, diese Seite regelm\u00e4\u00dfig zu \u00fcberpr\u00fcfen.  <\/p>\n<p><strong>Ihre Rechte:<\/strong> Je nach geltendem Recht haben Sie das Recht, auf Ihre personenbezogenen Daten zuzugreifen und sie zu berichtigen oder zu l\u00f6schen oder eine Kopie Ihrer personenbezogenen Daten zu erhalten, die aktive Verarbeitung Ihrer Daten einzuschr\u00e4nken oder ihr zu widersprechen, uns aufzufordern, Ihre personenbezogenen Daten an eine andere Stelle weiterzugeben (zu portieren), die von Ihnen erteilte Zustimmung zur Verarbeitung Ihrer Daten zu widerrufen, das Recht, eine Beschwerde bei einer gesetzlichen Beh\u00f6rde einzureichen, sowie weitere Rechte, die nach geltendem Recht relevant sein k\u00f6nnen. Um diese Rechte auszu\u00fcben, k\u00f6nnen Sie uns an <a href=\"mailto:herve@mitwill.com\">herve@mitwill.com<\/a> schreiben <a href=\"mailto:herve@mitwill.com\">.<\/a> Wir werden Ihre Anfrage in \u00dcbereinstimmung mit dem geltenden Recht beantworten.  <\/p>\n<p>Bitte beachten Sie, dass Sie m\u00f6glicherweise nicht in der Lage sind, auf die Dienste zuzugreifen oder diese zu nutzen, f\u00fcr die Ihre Daten angefordert wurden, wenn Sie uns nicht erlauben, die erforderlichen personenbezogenen Daten zu sammeln oder zu verarbeiten, oder wenn Sie Ihre Zustimmung zur Verarbeitung dieser Daten f\u00fcr die erforderlichen Zwecke zur\u00fcckziehen.  <\/p>\n<p><strong>Cookies etc.<\/strong>  Wenn Sie mehr dar\u00fcber erfahren m\u00f6chten, wie wir diese Technologien verwenden und welche M\u00f6glichkeiten Sie in Bezug auf diese Tracking-Technologien haben, lesen Sie bitte unsere Cookie-Richtlinie.  <\/p>\n<p><strong>Sicherheit:<\/strong> Die Sicherheit Ihrer Daten ist uns wichtig und wir werden angemessene Sicherheitsma\u00dfnahmen ergreifen, um den Verlust, den Missbrauch oder die unbefugte \u00c4nderung Ihrer Daten unter unserer Kontrolle zu verhindern. In Anbetracht der inh\u00e4renten Risiken k\u00f6nnen wir jedoch keine absolute Sicherheit garantieren. Folglich k\u00f6nnen wir die Sicherheit der von Ihnen an uns \u00fcbermittelten Informationen nicht gew\u00e4hrleisten oder garantieren, und Sie tun dies auf Ihr eigenes Risiko.  <\/p>\n<p><strong>Beschwerde\/Datenschutzbeauftragter:<\/strong> Wenn Sie Fragen oder Bedenken bez\u00fcglich der Verarbeitung Ihrer bei uns vorhandenen Daten haben, k\u00f6nnen Sie sich per E-Mail an unseren Beschwerdebeauftragten wenden: Mitwill Textiles Europe SARL, 104 rue des Bains 68390 SAUSHEIM France, E-Mail: <a href=\"mailto:herve@mitwill.com\">herve@mitwill.com.<\/a> Wir werden Ihre Bedenken in \u00dcbereinstimmung mit dem geltenden Recht behandeln.  <\/p>\n\t\t\t\t\t\t<\/div>\n\t\t\t\t<\/div>\n\t\t\t\t\t<\/div>\n\t\t<\/div>\n\t\t\t\t\t<\/div>\n\t\t<\/section>\n\t\t\t\t<\/div>\n\t\t","protected":false},"excerpt":{"rendered":"<p>Datenschutzbestimmungen Zuletzt aktualisiert am 10-Jul-2024 Datum des Inkrafttretens 10-Jul-2024 Diese Datenschutzrichtlinie beschreibt die Richtlinien von Mitwill Textiles Europe SARL, 104 rue des Bains, SAUSHEIM 68390, Frankreich, E-Mail: herve@mitwill.com, Telefon: +33389578273 \u00fcber die Erfassung, Verwendung und Weitergabe Ihrer Daten, die wir bei der Nutzung unserer Website ( https:\/\/mitwilltextiles.com ) erfassen. (der &#8222;Dienst&#8220;). Indem Sie auf den [&hellip;]<\/p>\n","protected":false},"author":1,"featured_media":0,"parent":0,"menu_order":0,"comment_status":"closed","ping_status":"closed","template":"elementor_header_footer","meta":{"footnotes":""},"class_list":["post-2213","page","type-page","status-publish","hentry"],"yoast_head":"<!-- This site is optimized with the Yoast SEO plugin v23.4 - https:\/\/yoast.com\/wordpress\/plugins\/seo\/ -->\n<title>Datenschutzbestimmungen | Mitwill Textiles<\/title>\n<meta name=\"description\" content=\"Lesen Sie die Datenschutzrichtlinie von Mitwill Textiles, um zu erfahren, wie wir Ihre pers\u00f6nlichen Daten erfassen, verwenden und sch\u00fctzen.\" \/>\n<meta name=\"robots\" content=\"index, follow, max-snippet:-1, max-image-preview:large, max-video-preview:-1\" \/>\n<link rel=\"canonical\" href=\"https:\/\/mitwilltextiles.com\/de\/datenschutzbestimmungen\/\" \/>\n<meta property=\"og:locale\" content=\"de_DE\" \/>\n<meta property=\"og:type\" content=\"article\" \/>\n<meta property=\"og:title\" content=\"Datenschutzbestimmungen | Mitwill Textiles\" \/>\n<meta property=\"og:description\" content=\"Lesen Sie die Datenschutzrichtlinie von Mitwill Textiles, um zu erfahren, wie wir Ihre pers\u00f6nlichen Daten erfassen, verwenden und sch\u00fctzen.\" \/>\n<meta property=\"og:url\" content=\"https:\/\/mitwilltextiles.com\/de\/datenschutzbestimmungen\/\" \/>\n<meta property=\"og:site_name\" content=\"mitwilltextiles.com\" \/>\n<meta property=\"article:publisher\" content=\"https:\/\/www.facebook.com\/people\/Mitwill-Textiles\/100083273555662\/\" \/>\n<meta property=\"article:modified_time\" content=\"2024-07-30T19:13:50+00:00\" \/>\n<meta name=\"twitter:card\" content=\"summary_large_image\" \/>\n<meta name=\"twitter:label1\" content=\"Gesch\u00e4tzte Lesezeit\" \/>\n\t<meta name=\"twitter:data1\" content=\"2\u00a0Minuten\" \/>\n<script type=\"application\/ld+json\" class=\"yoast-schema-graph\">{\"@context\":\"https:\/\/schema.org\",\"@graph\":[{\"@type\":\"WebPage\",\"@id\":\"https:\/\/mitwilltextiles.com\/de\/datenschutzbestimmungen\/\",\"url\":\"https:\/\/mitwilltextiles.com\/de\/datenschutzbestimmungen\/\",\"name\":\"Datenschutzbestimmungen | Mitwill Textiles\",\"isPartOf\":{\"@id\":\"https:\/\/mitwilltextiles.com\/it\/#website\"},\"datePublished\":\"2024-07-11T10:28:07+00:00\",\"dateModified\":\"2024-07-30T19:13:50+00:00\",\"description\":\"Lesen Sie die Datenschutzrichtlinie von Mitwill Textiles, um zu erfahren, wie wir Ihre pers\u00f6nlichen Daten erfassen, verwenden und sch\u00fctzen.\",\"breadcrumb\":{\"@id\":\"https:\/\/mitwilltextiles.com\/de\/datenschutzbestimmungen\/#breadcrumb\"},\"inLanguage\":\"de\",\"potentialAction\":[{\"@type\":\"ReadAction\",\"target\":[\"https:\/\/mitwilltextiles.com\/de\/datenschutzbestimmungen\/\"]}]},{\"@type\":\"BreadcrumbList\",\"@id\":\"https:\/\/mitwilltextiles.com\/de\/datenschutzbestimmungen\/#breadcrumb\",\"itemListElement\":[{\"@type\":\"ListItem\",\"position\":1,\"name\":\"Home\",\"item\":\"https:\/\/mitwilltextiles.com\/de\/\"},{\"@type\":\"ListItem\",\"position\":2,\"name\":\"Datenschutzbestimmungen\"}]},{\"@type\":\"WebSite\",\"@id\":\"https:\/\/mitwilltextiles.com\/it\/#website\",\"url\":\"https:\/\/mitwilltextiles.com\/it\/\",\"name\":\"Mitwill Textiles\",\"description\":\"\",\"publisher\":{\"@id\":\"https:\/\/mitwilltextiles.com\/it\/#organization\"},\"potentialAction\":[{\"@type\":\"SearchAction\",\"target\":{\"@type\":\"EntryPoint\",\"urlTemplate\":\"https:\/\/mitwilltextiles.com\/it\/?s={search_term_string}\"},\"query-input\":{\"@type\":\"PropertyValueSpecification\",\"valueRequired\":true,\"valueName\":\"search_term_string\"}}],\"inLanguage\":\"de\"},{\"@type\":\"Organization\",\"@id\":\"https:\/\/mitwilltextiles.com\/it\/#organization\",\"name\":\"Mitwill Textiles Europe\",\"url\":\"https:\/\/mitwilltextiles.com\/it\/\",\"logo\":{\"@type\":\"ImageObject\",\"inLanguage\":\"de\",\"@id\":\"https:\/\/mitwilltextiles.com\/it\/#\/schema\/logo\/image\/\",\"url\":\"https:\/\/mitwilltextiles.com\/wp-content\/uploads\/2024\/07\/logo.jpg\",\"contentUrl\":\"https:\/\/mitwilltextiles.com\/wp-content\/uploads\/2024\/07\/logo.jpg\",\"width\":150,\"height\":150,\"caption\":\"Mitwill Textiles Europe\"},\"image\":{\"@id\":\"https:\/\/mitwilltextiles.com\/it\/#\/schema\/logo\/image\/\"},\"sameAs\":[\"https:\/\/www.facebook.com\/people\/Mitwill-Textiles\/100083273555662\/\",\"https:\/\/www.instagram.com\/mitwilltextiles\/\"]}]}<\/script>\n<!-- \/ Yoast SEO plugin. -->","yoast_head_json":{"title":"Datenschutzbestimmungen | Mitwill Textiles","description":"Lesen Sie die Datenschutzrichtlinie von Mitwill Textiles, um zu erfahren, wie wir Ihre pers\u00f6nlichen Daten erfassen, verwenden und sch\u00fctzen.","robots":{"index":"index","follow":"follow","max-snippet":"max-snippet:-1","max-image-preview":"max-image-preview:large","max-video-preview":"max-video-preview:-1"},"canonical":"https:\/\/mitwilltextiles.com\/de\/datenschutzbestimmungen\/","og_locale":"de_DE","og_type":"article","og_title":"Datenschutzbestimmungen | Mitwill Textiles","og_description":"Lesen Sie die Datenschutzrichtlinie von Mitwill Textiles, um zu erfahren, wie wir Ihre pers\u00f6nlichen Daten erfassen, verwenden und sch\u00fctzen.","og_url":"https:\/\/mitwilltextiles.com\/de\/datenschutzbestimmungen\/","og_site_name":"mitwilltextiles.com","article_publisher":"https:\/\/www.facebook.com\/people\/Mitwill-Textiles\/100083273555662\/","article_modified_time":"2024-07-30T19:13:50+00:00","twitter_card":"summary_large_image","twitter_misc":{"Gesch\u00e4tzte Lesezeit":"2\u00a0Minuten"},"schema":{"@context":"https:\/\/schema.org","@graph":[{"@type":"WebPage","@id":"https:\/\/mitwilltextiles.com\/de\/datenschutzbestimmungen\/","url":"https:\/\/mitwilltextiles.com\/de\/datenschutzbestimmungen\/","name":"Datenschutzbestimmungen | Mitwill Textiles","isPartOf":{"@id":"https:\/\/mitwilltextiles.com\/it\/#website"},"datePublished":"2024-07-11T10:28:07+00:00","dateModified":"2024-07-30T19:13:50+00:00","description":"Lesen Sie die Datenschutzrichtlinie von Mitwill Textiles, um zu erfahren, wie wir Ihre pers\u00f6nlichen Daten erfassen, verwenden und sch\u00fctzen.","breadcrumb":{"@id":"https:\/\/mitwilltextiles.com\/de\/datenschutzbestimmungen\/#breadcrumb"},"inLanguage":"de","potentialAction":[{"@type":"ReadAction","target":["https:\/\/mitwilltextiles.com\/de\/datenschutzbestimmungen\/"]}]},{"@type":"BreadcrumbList","@id":"https:\/\/mitwilltextiles.com\/de\/datenschutzbestimmungen\/#breadcrumb","itemListElement":[{"@type":"ListItem","position":1,"name":"Home","item":"https:\/\/mitwilltextiles.com\/de\/"},{"@type":"ListItem","position":2,"name":"Datenschutzbestimmungen"}]},{"@type":"WebSite","@id":"https:\/\/mitwilltextiles.com\/it\/#website","url":"https:\/\/mitwilltextiles.com\/it\/","name":"Mitwill Textiles","description":"","publisher":{"@id":"https:\/\/mitwilltextiles.com\/it\/#organization"},"potentialAction":[{"@type":"SearchAction","target":{"@type":"EntryPoint","urlTemplate":"https:\/\/mitwilltextiles.com\/it\/?s={search_term_string}"},"query-input":{"@type":"PropertyValueSpecification","valueRequired":true,"valueName":"search_term_string"}}],"inLanguage":"de"},{"@type":"Organization","@id":"https:\/\/mitwilltextiles.com\/it\/#organization","name":"Mitwill Textiles Europe","url":"https:\/\/mitwilltextiles.com\/it\/","logo":{"@type":"ImageObject","inLanguage":"de","@id":"https:\/\/mitwilltextiles.com\/it\/#\/schema\/logo\/image\/","url":"https:\/\/mitwilltextiles.com\/wp-content\/uploads\/2024\/07\/logo.jpg","contentUrl":"https:\/\/mitwilltextiles.com\/wp-content\/uploads\/2024\/07\/logo.jpg","width":150,"height":150,"caption":"Mitwill Textiles Europe"},"image":{"@id":"https:\/\/mitwilltextiles.com\/it\/#\/schema\/logo\/image\/"},"sameAs":["https:\/\/www.facebook.com\/people\/Mitwill-Textiles\/100083273555662\/","https:\/\/www.instagram.com\/mitwilltextiles\/"]}]}},"_links":{"self":[{"href":"https:\/\/mitwilltextiles.com\/de\/wp-json\/wp\/v2\/pages\/2213"}],"collection":[{"href":"https:\/\/mitwilltextiles.com\/de\/wp-json\/wp\/v2\/pages"}],"about":[{"href":"https:\/\/mitwilltextiles.com\/de\/wp-json\/wp\/v2\/types\/page"}],"author":[{"embeddable":true,"href":"https:\/\/mitwilltextiles.com\/de\/wp-json\/wp\/v2\/users\/1"}],"replies":[{"embeddable":true,"href":"https:\/\/mitwilltextiles.com\/de\/wp-json\/wp\/v2\/comments?post=2213"}],"version-history":[{"count":2,"href":"https:\/\/mitwilltextiles.com\/de\/wp-json\/wp\/v2\/pages\/2213\/revisions"}],"predecessor-version":[{"id":2215,"href":"https:\/\/mitwilltextiles.com\/de\/wp-json\/wp\/v2\/pages\/2213\/revisions\/2215"}],"wp:attachment":[{"href":"https:\/\/mitwilltextiles.com\/de\/wp-json\/wp\/v2\/media?parent=2213"}],"curies":[{"name":"wp","href":"https:\/\/api.w.org\/{rel}","templated":true}]}}