{"id":11485,"date":"2024-07-10T12:02:03","date_gmt":"2024-07-10T12:02:03","guid":{"rendered":"https:\/\/mitwilltextiles.com\/politica-de-cookies\/"},"modified":"2024-07-22T09:42:42","modified_gmt":"2024-07-22T09:42:42","slug":"politica-de-cookies","status":"publish","type":"page","link":"https:\/\/mitwilltextiles.com\/es\/politica-de-cookies\/","title":{"rendered":"Pol\u00edtica de cookies"},"content":{"rendered":"\t\t<div data-elementor-type=\"wp-page\" data-elementor-id=\"11485\" class=\"elementor elementor-11485 elementor-2138\" data-elementor-post-type=\"page\">\n\t\t\t\t\t\t<section class=\"elementor-section elementor-top-section elementor-element elementor-element-7b747be elementor-section-boxed elementor-section-height-default elementor-section-height-default\" data-id=\"7b747be\" data-element_type=\"section\" data-settings=\"{&quot;background_background&quot;:&quot;classic&quot;}\">\n\t\t\t\t\t\t<div class=\"elementor-container elementor-column-gap-default\">\n\t\t\t\t\t<div class=\"elementor-column elementor-col-100 elementor-top-column elementor-element elementor-element-5fce511\" data-id=\"5fce511\" data-element_type=\"column\">\n\t\t\t<div class=\"elementor-widget-wrap elementor-element-populated\">\n\t\t\t\t\t\t<div class=\"elementor-element elementor-element-8ba87bf animated-slow elementor-invisible elementor-widget elementor-widget-heading\" data-id=\"8ba87bf\" data-element_type=\"widget\" data-settings=\"{&quot;_animation&quot;:&quot;slideInUp&quot;,&quot;_animation_delay&quot;:10}\" data-widget_type=\"heading.default\">\n\t\t\t\t<div class=\"elementor-widget-container\">\n\t\t\t<h1 class=\"elementor-heading-title elementor-size-default\">Pol\u00edtica de cookies<\/h1>\t\t<\/div>\n\t\t\t\t<\/div>\n\t\t\t\t<div class=\"elementor-element elementor-element-62547f8 animated-slow elementor-invisible elementor-widget elementor-widget-text-editor\" data-id=\"62547f8\" data-element_type=\"widget\" data-settings=\"{&quot;_animation&quot;:&quot;slideInUp&quot;,&quot;_animation_delay&quot;:10}\" data-widget_type=\"text-editor.default\">\n\t\t\t\t<div class=\"elementor-widget-container\">\n\t\t\t\t\t\t\t<p>Fecha de entrada en vigor: 05-Jul-2024<\/p>\n<p>\u00daltima actualizaci\u00f3n: 05-Jul-2024<\/p>\n<p>\u00bfQu\u00e9 son las cookies? Esta Pol\u00edtica de Cookies explica qu\u00e9 son las cookies y c\u00f3mo las utilizamos, los tipos de cookies que utilizamos, es decir, la informaci\u00f3n que recopilamos utilizando cookies y c\u00f3mo se utiliza esa informaci\u00f3n, y c\u00f3mo gestionar la configuraci\u00f3n de las cookies.<\/p>\n<p>Las cookies son peque\u00f1os archivos de texto que se utilizan para almacenar peque\u00f1as piezas de informaci\u00f3n. Se almacenan en tu dispositivo cuando el sitio web se carga en tu navegador. Estas cookies nos ayudan a hacer que el sitio web funcione correctamente, a hacerlo m\u00e1s seguro, a proporcionar una mejor experiencia al usuario y a comprender c\u00f3mo funciona el sitio web y analizar qu\u00e9 funciona y qu\u00e9 necesita mejorar.<\/p>\n<p>\u00bfC\u00f3mo utilizamos las cookies? Como la mayor\u00eda de los servicios en l\u00ednea, nuestro sitio web utiliza cookies propias y de terceros con varios fines. Las cookies de origen son en su mayor\u00eda necesarias para que el sitio web funcione correctamente, y no recogen ning\u00fan dato personal que te identifique.<\/p>\n<p>Las cookies de terceros utilizadas en nuestro sitio web sirven principalmente para comprender c\u00f3mo funciona el sitio web, c\u00f3mo interact\u00faas con \u00e9l, mantener la seguridad de nuestros servicios, proporcionar anuncios que sean relevantes para ti y, en definitiva, proporcionarte una experiencia de usuario mejor y m\u00e1s r\u00e1pida y ayudar a agilizar tus futuras interacciones con nuestro sitio web.<\/p>\n<p>Tipos de cookies que utilizamos Gestionar preferencias de cookies Configuraci\u00f3n de cookies Puedes cambiar tus preferencias de cookies en cualquier momento haciendo clic en el bot\u00f3n de arriba. Esto te permitir\u00e1 volver a visitar el banner de consentimiento de cookies y cambiar tus preferencias o retirar tu consentimiento inmediatamente.<\/p>\n<p>Adem\u00e1s, los distintos navegadores ofrecen diferentes m\u00e9todos para bloquear y eliminar las cookies utilizadas por los sitios web. Puedes cambiar la configuraci\u00f3n de tu navegador para bloquear\/eliminar las cookies. A continuaci\u00f3n se indican los enlaces a los documentos de ayuda sobre c\u00f3mo gestionar y eliminar las cookies de los principales navegadores web.<\/p>\n<p>Cromo: <a href=\"https:\/\/support.google.com\/accounts\/answer\/32050\" target=\"_blank\" rel=\"noopener\">https:\/\/support.google.com\/accounts\/answer\/32050<\/a><\/p>\n<p>Safari: <a href=\"https:\/\/support.apple.com\/en-in\/guide\/safari\/sfri11471\/mac\" target=\"_blank\" rel=\"noopener\">https:\/\/support.apple.com\/en-in\/guide\/safari\/sfri11471\/mac<\/a><\/p>\n<p>Firefox: <a href=\"https:\/\/support.mozilla.org\/en-US\/kb\/clear-cookies-and-site-data-firefox?redirectslug=delete-cookies-remove-info-websites-stored&amp;redirectlocale=en-US\" target=\"_blank\" rel=\"noopener\">https:\/\/support.mozilla.org\/en-US\/kb\/clear-cookies-and-site-data-firefox?redirectslug=delete-cookies-remove-info-websites-stored&amp;redirectlocale=en-US<\/a><\/p>\n<p>Internet Explorer: <a href=\"https:\/\/support.microsoft.com\/en-us\/topic\/how-to-delete-cookie-files-in-internet-explorer-bca9446f-d873-78de-77ba-d42645fa52fc\" target=\"_blank\" rel=\"noopener\">https:\/\/support.microsoft.com\/en-us\/topic\/how-to-delete-cookie-files-in-internet-explorer-bca9446f-d873-78de-77ba-d42645fa52fc<\/a><\/p>\n<p>Si utilizas cualquier otro navegador web, visita los documentos oficiales de soporte de tu navegador.<\/p>\n\t\t\t\t\t\t<\/div>\n\t\t\t\t<\/div>\n\t\t\t\t\t<\/div>\n\t\t<\/div>\n\t\t\t\t\t<\/div>\n\t\t<\/section>\n\t\t\t\t<\/div>\n\t\t","protected":false},"excerpt":{"rendered":"<p>Pol\u00edtica de cookies Fecha de entrada en vigor: 05-Jul-2024 \u00daltima actualizaci\u00f3n: 05-Jul-2024 \u00bfQu\u00e9 son las cookies? Esta Pol\u00edtica de Cookies explica qu\u00e9 son las cookies y c\u00f3mo las utilizamos, los tipos de cookies que utilizamos, es decir, la informaci\u00f3n que recopilamos utilizando cookies y c\u00f3mo se utiliza esa informaci\u00f3n, y c\u00f3mo gestionar la configuraci\u00f3n de [&hellip;]<\/p>\n","protected":false},"author":1,"featured_media":0,"parent":0,"menu_order":0,"comment_status":"closed","ping_status":"closed","template":"elementor_header_footer","meta":{"footnotes":""},"class_list":["post-11485","page","type-page","status-publish","hentry"],"yoast_head":"<!-- This site is optimized with the Yoast SEO plugin v23.4 - https:\/\/yoast.com\/wordpress\/plugins\/seo\/ -->\n<title>Pol\u00edtica de Cookies | Mitwill Textiles<\/title>\n<meta name=\"description\" content=\"Inf\u00f3rmate sobre la Pol\u00edtica de Cookies de Mitwill Textiles. Descubre c\u00f3mo utilizamos las cookies para mejorar tu experiencia de navegaci\u00f3n, analizar el tr\u00e1fico del sitio y personalizar el contenido.\" \/>\n<meta name=\"robots\" content=\"index, follow, max-snippet:-1, max-image-preview:large, max-video-preview:-1\" \/>\n<link rel=\"canonical\" href=\"https:\/\/mitwilltextiles.com\/es\/?page_id=11485\" \/>\n<meta property=\"og:locale\" content=\"es_ES\" \/>\n<meta property=\"og:type\" content=\"article\" \/>\n<meta property=\"og:title\" content=\"Pol\u00edtica de Cookies | Mitwill Textiles\" \/>\n<meta property=\"og:description\" content=\"Inf\u00f3rmate sobre la Pol\u00edtica de Cookies de Mitwill Textiles. Descubre c\u00f3mo utilizamos las cookies para mejorar tu experiencia de navegaci\u00f3n, analizar el tr\u00e1fico del sitio y personalizar el contenido.\" \/>\n<meta property=\"og:url\" content=\"https:\/\/mitwilltextiles.com\/es\/?page_id=11485\" \/>\n<meta property=\"og:site_name\" content=\"mitwilltextiles.com\" \/>\n<meta property=\"article:publisher\" content=\"https:\/\/www.facebook.com\/people\/Mitwill-Textiles\/100083273555662\/\" \/>\n<meta property=\"article:modified_time\" content=\"2024-07-22T09:42:42+00:00\" \/>\n<meta name=\"twitter:card\" content=\"summary_large_image\" \/>\n<meta name=\"twitter:label1\" content=\"Tiempo de lectura\" \/>\n\t<meta name=\"twitter:data1\" content=\"2 minutos\" \/>\n<script type=\"application\/ld+json\" class=\"yoast-schema-graph\">{\"@context\":\"https:\/\/schema.org\",\"@graph\":[{\"@type\":\"WebPage\",\"@id\":\"https:\/\/mitwilltextiles.com\/es\/?page_id=11485\",\"url\":\"https:\/\/mitwilltextiles.com\/es\/?page_id=11485\",\"name\":\"Pol\u00edtica de Cookies | Mitwill Textiles\",\"isPartOf\":{\"@id\":\"https:\/\/mitwilltextiles.com\/it\/#website\"},\"datePublished\":\"2024-07-10T12:02:03+00:00\",\"dateModified\":\"2024-07-22T09:42:42+00:00\",\"description\":\"Inf\u00f3rmate sobre la Pol\u00edtica de Cookies de Mitwill Textiles. Descubre c\u00f3mo utilizamos las cookies para mejorar tu experiencia de navegaci\u00f3n, analizar el tr\u00e1fico del sitio y personalizar el contenido.\",\"breadcrumb\":{\"@id\":\"https:\/\/mitwilltextiles.com\/es\/?page_id=11485#breadcrumb\"},\"inLanguage\":\"es\",\"potentialAction\":[{\"@type\":\"ReadAction\",\"target\":[\"https:\/\/mitwilltextiles.com\/es\/?page_id=11485\"]}]},{\"@type\":\"BreadcrumbList\",\"@id\":\"https:\/\/mitwilltextiles.com\/es\/?page_id=11485#breadcrumb\",\"itemListElement\":[{\"@type\":\"ListItem\",\"position\":1,\"name\":\"Home\",\"item\":\"https:\/\/mitwilltextiles.com\/es\/\"},{\"@type\":\"ListItem\",\"position\":2,\"name\":\"Pol\u00edtica de cookies\"}]},{\"@type\":\"WebSite\",\"@id\":\"https:\/\/mitwilltextiles.com\/it\/#website\",\"url\":\"https:\/\/mitwilltextiles.com\/it\/\",\"name\":\"Mitwill Textiles\",\"description\":\"\",\"publisher\":{\"@id\":\"https:\/\/mitwilltextiles.com\/it\/#organization\"},\"potentialAction\":[{\"@type\":\"SearchAction\",\"target\":{\"@type\":\"EntryPoint\",\"urlTemplate\":\"https:\/\/mitwilltextiles.com\/it\/?s={search_term_string}\"},\"query-input\":{\"@type\":\"PropertyValueSpecification\",\"valueRequired\":true,\"valueName\":\"search_term_string\"}}],\"inLanguage\":\"es\"},{\"@type\":\"Organization\",\"@id\":\"https:\/\/mitwilltextiles.com\/it\/#organization\",\"name\":\"Mitwill Textiles Europe\",\"url\":\"https:\/\/mitwilltextiles.com\/it\/\",\"logo\":{\"@type\":\"ImageObject\",\"inLanguage\":\"es\",\"@id\":\"https:\/\/mitwilltextiles.com\/it\/#\/schema\/logo\/image\/\",\"url\":\"https:\/\/mitwilltextiles.com\/wp-content\/uploads\/2024\/07\/logo.jpg\",\"contentUrl\":\"https:\/\/mitwilltextiles.com\/wp-content\/uploads\/2024\/07\/logo.jpg\",\"width\":150,\"height\":150,\"caption\":\"Mitwill Textiles Europe\"},\"image\":{\"@id\":\"https:\/\/mitwilltextiles.com\/it\/#\/schema\/logo\/image\/\"},\"sameAs\":[\"https:\/\/www.facebook.com\/people\/Mitwill-Textiles\/100083273555662\/\",\"https:\/\/www.instagram.com\/mitwilltextiles\/\"]}]}<\/script>\n<!-- \/ Yoast SEO plugin. -->","yoast_head_json":{"title":"Pol\u00edtica de Cookies | Mitwill Textiles","description":"Inf\u00f3rmate sobre la Pol\u00edtica de Cookies de Mitwill Textiles. Descubre c\u00f3mo utilizamos las cookies para mejorar tu experiencia de navegaci\u00f3n, analizar el tr\u00e1fico del sitio y personalizar el contenido.","robots":{"index":"index","follow":"follow","max-snippet":"max-snippet:-1","max-image-preview":"max-image-preview:large","max-video-preview":"max-video-preview:-1"},"canonical":"https:\/\/mitwilltextiles.com\/es\/?page_id=11485","og_locale":"es_ES","og_type":"article","og_title":"Pol\u00edtica de Cookies | Mitwill Textiles","og_description":"Inf\u00f3rmate sobre la Pol\u00edtica de Cookies de Mitwill Textiles. Descubre c\u00f3mo utilizamos las cookies para mejorar tu experiencia de navegaci\u00f3n, analizar el tr\u00e1fico del sitio y personalizar el contenido.","og_url":"https:\/\/mitwilltextiles.com\/es\/?page_id=11485","og_site_name":"mitwilltextiles.com","article_publisher":"https:\/\/www.facebook.com\/people\/Mitwill-Textiles\/100083273555662\/","article_modified_time":"2024-07-22T09:42:42+00:00","twitter_card":"summary_large_image","twitter_misc":{"Tiempo de lectura":"2 minutos"},"schema":{"@context":"https:\/\/schema.org","@graph":[{"@type":"WebPage","@id":"https:\/\/mitwilltextiles.com\/es\/?page_id=11485","url":"https:\/\/mitwilltextiles.com\/es\/?page_id=11485","name":"Pol\u00edtica de Cookies | Mitwill Textiles","isPartOf":{"@id":"https:\/\/mitwilltextiles.com\/it\/#website"},"datePublished":"2024-07-10T12:02:03+00:00","dateModified":"2024-07-22T09:42:42+00:00","description":"Inf\u00f3rmate sobre la Pol\u00edtica de Cookies de Mitwill Textiles. Descubre c\u00f3mo utilizamos las cookies para mejorar tu experiencia de navegaci\u00f3n, analizar el tr\u00e1fico del sitio y personalizar el contenido.","breadcrumb":{"@id":"https:\/\/mitwilltextiles.com\/es\/?page_id=11485#breadcrumb"},"inLanguage":"es","potentialAction":[{"@type":"ReadAction","target":["https:\/\/mitwilltextiles.com\/es\/?page_id=11485"]}]},{"@type":"BreadcrumbList","@id":"https:\/\/mitwilltextiles.com\/es\/?page_id=11485#breadcrumb","itemListElement":[{"@type":"ListItem","position":1,"name":"Home","item":"https:\/\/mitwilltextiles.com\/es\/"},{"@type":"ListItem","position":2,"name":"Pol\u00edtica de cookies"}]},{"@type":"WebSite","@id":"https:\/\/mitwilltextiles.com\/it\/#website","url":"https:\/\/mitwilltextiles.com\/it\/","name":"Mitwill Textiles","description":"","publisher":{"@id":"https:\/\/mitwilltextiles.com\/it\/#organization"},"potentialAction":[{"@type":"SearchAction","target":{"@type":"EntryPoint","urlTemplate":"https:\/\/mitwilltextiles.com\/it\/?s={search_term_string}"},"query-input":{"@type":"PropertyValueSpecification","valueRequired":true,"valueName":"search_term_string"}}],"inLanguage":"es"},{"@type":"Organization","@id":"https:\/\/mitwilltextiles.com\/it\/#organization","name":"Mitwill Textiles Europe","url":"https:\/\/mitwilltextiles.com\/it\/","logo":{"@type":"ImageObject","inLanguage":"es","@id":"https:\/\/mitwilltextiles.com\/it\/#\/schema\/logo\/image\/","url":"https:\/\/mitwilltextiles.com\/wp-content\/uploads\/2024\/07\/logo.jpg","contentUrl":"https:\/\/mitwilltextiles.com\/wp-content\/uploads\/2024\/07\/logo.jpg","width":150,"height":150,"caption":"Mitwill Textiles Europe"},"image":{"@id":"https:\/\/mitwilltextiles.com\/it\/#\/schema\/logo\/image\/"},"sameAs":["https:\/\/www.facebook.com\/people\/Mitwill-Textiles\/100083273555662\/","https:\/\/www.instagram.com\/mitwilltextiles\/"]}]}},"_links":{"self":[{"href":"https:\/\/mitwilltextiles.com\/es\/wp-json\/wp\/v2\/pages\/11485"}],"collection":[{"href":"https:\/\/mitwilltextiles.com\/es\/wp-json\/wp\/v2\/pages"}],"about":[{"href":"https:\/\/mitwilltextiles.com\/es\/wp-json\/wp\/v2\/types\/page"}],"author":[{"embeddable":true,"href":"https:\/\/mitwilltextiles.com\/es\/wp-json\/wp\/v2\/users\/1"}],"replies":[{"embeddable":true,"href":"https:\/\/mitwilltextiles.com\/es\/wp-json\/wp\/v2\/comments?post=11485"}],"version-history":[{"count":2,"href":"https:\/\/mitwilltextiles.com\/es\/wp-json\/wp\/v2\/pages\/11485\/revisions"}],"predecessor-version":[{"id":11487,"href":"https:\/\/mitwilltextiles.com\/es\/wp-json\/wp\/v2\/pages\/11485\/revisions\/11487"}],"wp:attachment":[{"href":"https:\/\/mitwilltextiles.com\/es\/wp-json\/wp\/v2\/media?parent=11485"}],"curies":[{"name":"wp","href":"https:\/\/api.w.org\/{rel}","templated":true}]}}