{"id":11789,"date":"2024-05-27T11:09:46","date_gmt":"2024-05-27T11:09:46","guid":{"rendered":"https:\/\/mitwilltextiles.com\/contact-us\/"},"modified":"2024-07-30T19:29:50","modified_gmt":"2024-07-30T19:29:50","slug":"contact-us","status":"publish","type":"page","link":"https:\/\/mitwilltextiles.com\/fr\/contact-us\/","title":{"rendered":"Contactez nous"},"content":{"rendered":"\t\t<div data-elementor-type=\"wp-page\" data-elementor-id=\"11789\" class=\"elementor elementor-11789 elementor-302\" data-elementor-post-type=\"page\">\n\t\t\t\t\t\t<section class=\"elementor-section elementor-top-section elementor-element elementor-element-0384cff elementor-section-boxed elementor-section-height-default elementor-section-height-default\" data-id=\"0384cff\" data-element_type=\"section\" data-settings=\"{&quot;background_background&quot;:&quot;classic&quot;}\">\n\t\t\t\t\t\t<div class=\"elementor-container elementor-column-gap-default\">\n\t\t\t\t\t<div class=\"elementor-column elementor-col-100 elementor-top-column elementor-element elementor-element-9fec8d3\" data-id=\"9fec8d3\" data-element_type=\"column\" data-settings=\"{&quot;background_background&quot;:&quot;slideshow&quot;,&quot;background_slideshow_slide_duration&quot;:4000,&quot;background_slideshow_transition_duration&quot;:2000,&quot;background_slideshow_lazyload&quot;:&quot;yes&quot;,&quot;background_slideshow_ken_burns&quot;:&quot;yes&quot;,&quot;background_slideshow_gallery&quot;:[],&quot;background_slideshow_loop&quot;:&quot;yes&quot;,&quot;background_slideshow_slide_transition&quot;:&quot;fade&quot;,&quot;background_slideshow_ken_burns_zoom_direction&quot;:&quot;in&quot;}\">\n\t\t\t<div class=\"elementor-widget-wrap elementor-element-populated\">\n\t\t\t\t\t\t<div class=\"elementor-element elementor-element-24ec8cd animated-slow elementor-invisible elementor-widget elementor-widget-heading\" data-id=\"24ec8cd\" data-element_type=\"widget\" data-settings=\"{&quot;_animation&quot;:&quot;slideInUp&quot;,&quot;_animation_delay&quot;:10}\" data-widget_type=\"heading.default\">\n\t\t\t\t<div class=\"elementor-widget-container\">\n\t\t\t<h1 class=\"elementor-heading-title elementor-size-default\">Contact<\/h1>\t\t<\/div>\n\t\t\t\t<\/div>\n\t\t\t\t<div class=\"elementor-element elementor-element-a08fb7c elementor-widget elementor-widget-elementskit-contact-form7\" data-id=\"a08fb7c\" data-element_type=\"widget\" data-widget_type=\"elementskit-contact-form7.default\">\n\t\t\t\t<div class=\"elementor-widget-container\">\n\t\t\t<div class=\"ekit-wid-con\" ><div class=\"ekit-form\">\n<div class=\"wpcf7 no-js\" id=\"wpcf7-f11638-o1\" lang=\"en-US\" dir=\"ltr\">\n<div class=\"screen-reader-response\"><p role=\"status\" aria-live=\"polite\" aria-atomic=\"true\"><\/p> <ul><\/ul><\/div>\n<form action=\"\/fr\/wp-json\/wp\/v2\/pages\/11789#wpcf7-f11638-o1\" method=\"post\" class=\"wpcf7-form init\" aria-label=\"Contact form\" novalidate=\"novalidate\" data-status=\"init\">\n<div style=\"display: none;\">\n<input type=\"hidden\" name=\"_wpcf7\" value=\"11638\" \/>\n<input type=\"hidden\" name=\"_wpcf7_version\" value=\"5.9.8\" \/>\n<input type=\"hidden\" name=\"_wpcf7_locale\" value=\"en_US\" \/>\n<input type=\"hidden\" name=\"_wpcf7_unit_tag\" value=\"wpcf7-f11638-o1\" \/>\n<input type=\"hidden\" name=\"_wpcf7_container_post\" value=\"0\" \/>\n<input type=\"hidden\" name=\"_wpcf7_posted_data_hash\" value=\"\" \/>\n<input type=\"hidden\" name=\"_wpcf7_recaptcha_response\" value=\"\" \/>\n<\/div>\n<div class=\"row\">\n\t<div class=\"col-lg-6 col-md-6 col-sm-12\">\n\t\t<p><label> Name*<\/label><br \/>\n<span class=\"wpcf7-form-control-wrap\" data-name=\"your-name\"><input size=\"40\" maxlength=\"400\" class=\"wpcf7-form-control wpcf7-text wpcf7-validates-as-required\" aria-required=\"true\" aria-invalid=\"false\" placeholder=\"Name\" value=\"\" type=\"text\" name=\"your-name\" \/><\/span>\n\t\t<\/p>\n\t<\/div>\n\t<div class=\"col-lg-6 col-md-6 col-sm-12\">\n\t\t<p><label> Email*<\/label><br \/>\n<span class=\"wpcf7-form-control-wrap\" data-name=\"your-email\"><input size=\"40\" maxlength=\"400\" class=\"wpcf7-form-control wpcf7-email wpcf7-validates-as-required wpcf7-text wpcf7-validates-as-email\" aria-required=\"true\" aria-invalid=\"false\" placeholder=\"Email\" value=\"\" type=\"email\" name=\"your-email\" \/><\/span>\n\t\t<\/p>\n\t<\/div>\n\t<div class=\"col-lg-12 col-md-12 col-sm-12\">\n\t\t<p><label> Phone*<\/label><br \/>\n<span class=\"wpcf7-form-control-wrap\" data-name=\"tel-971\"><input size=\"40\" maxlength=\"400\" class=\"wpcf7-form-control wpcf7-tel wpcf7-validates-as-required wpcf7-text wpcf7-validates-as-tel\" aria-required=\"true\" aria-invalid=\"false\" placeholder=\"Phone\" value=\"\" type=\"tel\" name=\"tel-971\" \/><\/span>\n\t\t<\/p>\n\t<\/div>\n\t<div class=\"col-lg-12 col-md-12 col-sm-12\">\n\t\t<p><label> Message<\/label><br \/>\n<span class=\"wpcf7-form-control-wrap\" data-name=\"your-message\"><textarea cols=\"40\" rows=\"10\" maxlength=\"2000\" class=\"wpcf7-form-control wpcf7-textarea\" aria-invalid=\"false\" placeholder=\"Message\" name=\"your-message\"><\/textarea><\/span>\n\t\t<\/p>\n\t<\/div>\n<\/div>\n<p><input class=\"wpcf7-form-control wpcf7-submit has-spinner\" type=\"submit\" value=\"Submit\" \/>\n<\/p><div class=\"wpcf7-response-output\" aria-hidden=\"true\"><\/div>\n<\/form>\n<\/div>\n<\/div><\/div>\t\t<\/div>\n\t\t\t\t<\/div>\n\t\t\t\t<div class=\"elementor-element elementor-element-9c8ac86 elementor-widget elementor-widget-google_maps\" data-id=\"9c8ac86\" data-element_type=\"widget\" data-widget_type=\"google_maps.default\">\n\t\t\t\t<div class=\"elementor-widget-container\">\n\t\t\t\t\t<div class=\"elementor-custom-embed\">\n\t\t\t<iframe loading=\"lazy\"\n\t\t\t\t\tsrc=\"https:\/\/maps.google.com\/maps?q=Mitwill%20Textiles%20Europe%20SARL%20104%2C%20rue%20des%20Bains%20F-68390%20SAUSHEIM%20%20%20France&#038;t=m&#038;z=10&#038;output=embed&#038;iwloc=near\"\n\t\t\t\t\ttitle=\"Mitwill Textiles Europe SARL 104, rue des Bains F-68390 SAUSHEIM   France\"\n\t\t\t\t\taria-label=\"Mitwill Textiles Europe SARL 104, rue des Bains F-68390 SAUSHEIM   France\"\n\t\t\t><\/iframe>\n\t\t<\/div>\n\t\t\t\t<\/div>\n\t\t\t\t<\/div>\n\t\t\t\t\t<\/div>\n\t\t<\/div>\n\t\t\t\t\t<\/div>\n\t\t<\/section>\n\t\t\t\t<section class=\"elementor-section elementor-top-section elementor-element elementor-element-7b747be elementor-section-boxed elementor-section-height-default elementor-section-height-default\" data-id=\"7b747be\" data-element_type=\"section\" data-settings=\"{&quot;background_background&quot;:&quot;classic&quot;}\">\n\t\t\t\t\t\t<div class=\"elementor-container elementor-column-gap-default\">\n\t\t\t\t\t<div class=\"elementor-column elementor-col-100 elementor-top-column elementor-element elementor-element-5fce511\" data-id=\"5fce511\" data-element_type=\"column\">\n\t\t\t<div class=\"elementor-widget-wrap elementor-element-populated\">\n\t\t\t\t\t\t<div class=\"elementor-element elementor-element-89e0ed6 animated-slow elementor-invisible elementor-widget elementor-widget-heading\" data-id=\"89e0ed6\" data-element_type=\"widget\" data-settings=\"{&quot;_animation&quot;:&quot;slideInUp&quot;,&quot;_animation_delay&quot;:10}\" data-widget_type=\"heading.default\">\n\t\t\t\t<div class=\"elementor-widget-container\">\n\t\t\t<h2 class=\"elementor-heading-title elementor-size-default\">Prenez contact avec nous<\/h2>\t\t<\/div>\n\t\t\t\t<\/div>\n\t\t\t\t<section class=\"elementor-section elementor-inner-section elementor-element elementor-element-5be74fb elementor-section-boxed elementor-section-height-default elementor-section-height-default\" data-id=\"5be74fb\" data-element_type=\"section\">\n\t\t\t\t\t\t<div class=\"elementor-container elementor-column-gap-default\">\n\t\t\t\t\t<div class=\"elementor-column elementor-col-33 elementor-inner-column elementor-element elementor-element-3b7583f\" data-id=\"3b7583f\" data-element_type=\"column\">\n\t\t\t<div class=\"elementor-widget-wrap elementor-element-populated\">\n\t\t\t\t\t\t<div class=\"elementor-element elementor-element-d15c6b7 elementor-view-stacked elementor-shape-circle elementor-position-top elementor-mobile-position-top elementor-widget elementor-widget-icon-box\" data-id=\"d15c6b7\" data-element_type=\"widget\" data-widget_type=\"icon-box.default\">\n\t\t\t\t<div class=\"elementor-widget-container\">\n\t\t\t\t\t<div class=\"elementor-icon-box-wrapper\">\n\n\t\t\t\t\t\t<div class=\"elementor-icon-box-icon\">\n\t\t\t\t<span  class=\"elementor-icon elementor-animation-grow\">\n\t\t\t\t<svg aria-hidden=\"true\" class=\"e-font-icon-svg e-fas-map-marker-alt\" viewBox=\"0 0 384 512\" xmlns=\"http:\/\/www.w3.org\/2000\/svg\"><path d=\"M172.268 501.67C26.97 291.031 0 269.413 0 192 0 85.961 85.961 0 192 0s192 85.961 192 192c0 77.413-26.97 99.031-172.268 309.67-9.535 13.774-29.93 13.773-39.464 0zM192 272c44.183 0 80-35.817 80-80s-35.817-80-80-80-80 35.817-80 80 35.817 80 80 80z\"><\/path><\/svg>\t\t\t\t<\/span>\n\t\t\t<\/div>\n\t\t\t\n\t\t\t\t\t\t<div class=\"elementor-icon-box-content\">\n\n\t\t\t\t\t\t\t\t\t<p class=\"elementor-icon-box-title\">\n\t\t\t\t\t\t<span  >\n\t\t\t\t\t\t\tAdresse\t\t\t\t\t\t<\/span>\n\t\t\t\t\t<\/p>\n\t\t\t\t\n\t\t\t\t\t\t\t\t\t<p class=\"elementor-icon-box-description\">\n\t\t\t\t\t\tMitwill Textiles Europe SARL<br> 104, rue des Bains<br> F-68390 SAUSHEIM <br> France.\t\t\t\t\t<\/p>\n\t\t\t\t\n\t\t\t<\/div>\n\t\t\t\n\t\t<\/div>\n\t\t\t\t<\/div>\n\t\t\t\t<\/div>\n\t\t\t\t\t<\/div>\n\t\t<\/div>\n\t\t\t\t<div class=\"elementor-column elementor-col-33 elementor-inner-column elementor-element elementor-element-c7f9eab\" data-id=\"c7f9eab\" data-element_type=\"column\">\n\t\t\t<div class=\"elementor-widget-wrap elementor-element-populated\">\n\t\t\t\t\t\t<div class=\"elementor-element elementor-element-d764c75 elementor-view-stacked elementor-shape-circle elementor-position-top elementor-mobile-position-top elementor-widget elementor-widget-icon-box\" data-id=\"d764c75\" data-element_type=\"widget\" data-widget_type=\"icon-box.default\">\n\t\t\t\t<div class=\"elementor-widget-container\">\n\t\t\t\t\t<div class=\"elementor-icon-box-wrapper\">\n\n\t\t\t\t\t\t<div class=\"elementor-icon-box-icon\">\n\t\t\t\t<span  class=\"elementor-icon elementor-animation-grow\">\n\t\t\t\t<svg aria-hidden=\"true\" class=\"e-font-icon-svg e-fas-phone-alt\" viewBox=\"0 0 512 512\" xmlns=\"http:\/\/www.w3.org\/2000\/svg\"><path d=\"M497.39 361.8l-112-48a24 24 0 0 0-28 6.9l-49.6 60.6A370.66 370.66 0 0 1 130.6 204.11l60.6-49.6a23.94 23.94 0 0 0 6.9-28l-48-112A24.16 24.16 0 0 0 122.6.61l-104 24A24 24 0 0 0 0 48c0 256.5 207.9 464 464 464a24 24 0 0 0 23.4-18.6l24-104a24.29 24.29 0 0 0-14.01-27.6z\"><\/path><\/svg>\t\t\t\t<\/span>\n\t\t\t<\/div>\n\t\t\t\n\t\t\t\t\t\t<div class=\"elementor-icon-box-content\">\n\n\t\t\t\t\t\t\t\t\t<p class=\"elementor-icon-box-title\">\n\t\t\t\t\t\t<span  >\n\t\t\t\t\t\t\tT\u00e9l\u00e9phone\t\t\t\t\t\t<\/span>\n\t\t\t\t\t<\/p>\n\t\t\t\t\n\t\t\t\t\t\t\t\t\t<p class=\"elementor-icon-box-description\">\n\t\t\t\t\t\tLigne fixe : <a class=\"email-txt\" href=\"tel:+33%203%2089%2057%2082%2073\">+33 3 89 57 82 73<\/a><br> Cellulaire : <a class=\"email-txt\" href=\"tel:+33%206%2088%2012%2021%2012\">+33 6 88 12 21 12<\/a>\t\t\t\t\t<\/p>\n\t\t\t\t\n\t\t\t<\/div>\n\t\t\t\n\t\t<\/div>\n\t\t\t\t<\/div>\n\t\t\t\t<\/div>\n\t\t\t\t\t<\/div>\n\t\t<\/div>\n\t\t\t\t<div class=\"elementor-column elementor-col-33 elementor-inner-column elementor-element elementor-element-d8f6523\" data-id=\"d8f6523\" data-element_type=\"column\">\n\t\t\t<div class=\"elementor-widget-wrap elementor-element-populated\">\n\t\t\t\t\t\t<div class=\"elementor-element elementor-element-375c06b elementor-view-stacked elementor-shape-circle elementor-position-top elementor-mobile-position-top elementor-widget elementor-widget-icon-box\" data-id=\"375c06b\" data-element_type=\"widget\" data-widget_type=\"icon-box.default\">\n\t\t\t\t<div class=\"elementor-widget-container\">\n\t\t\t\t\t<div class=\"elementor-icon-box-wrapper\">\n\n\t\t\t\t\t\t<div class=\"elementor-icon-box-icon\">\n\t\t\t\t<span  class=\"elementor-icon elementor-animation-grow\">\n\t\t\t\t<svg aria-hidden=\"true\" class=\"e-font-icon-svg e-far-envelope\" viewBox=\"0 0 512 512\" xmlns=\"http:\/\/www.w3.org\/2000\/svg\"><path d=\"M464 64H48C21.49 64 0 85.49 0 112v288c0 26.51 21.49 48 48 48h416c26.51 0 48-21.49 48-48V112c0-26.51-21.49-48-48-48zm0 48v40.805c-22.422 18.259-58.168 46.651-134.587 106.49-16.841 13.247-50.201 45.072-73.413 44.701-23.208.375-56.579-31.459-73.413-44.701C106.18 199.465 70.425 171.067 48 152.805V112h416zM48 400V214.398c22.914 18.251 55.409 43.862 104.938 82.646 21.857 17.205 60.134 55.186 103.062 54.955 42.717.231 80.509-37.199 103.053-54.947 49.528-38.783 82.032-64.401 104.947-82.653V400H48z\"><\/path><\/svg>\t\t\t\t<\/span>\n\t\t\t<\/div>\n\t\t\t\n\t\t\t\t\t\t<div class=\"elementor-icon-box-content\">\n\n\t\t\t\t\t\t\t\t\t<p class=\"elementor-icon-box-title\">\n\t\t\t\t\t\t<span  >\n\t\t\t\t\t\t\tCourrier \u00e9lectronique\t\t\t\t\t\t<\/span>\n\t\t\t\t\t<\/p>\n\t\t\t\t\n\t\t\t\t\t\t\t\t\t<p class=\"elementor-icon-box-description\">\n\t\t\t\t\t\t<a class=\"email-txt\" href=\"mailto:textiles@mitwill.com\"><a href=\"mailto:textiles@mitwill.com\">textiles@mitwill.com<\/a><\/a>\t\t\t\t\t<\/p>\n\t\t\t\t\n\t\t\t<\/div>\n\t\t\t\n\t\t<\/div>\n\t\t\t\t<\/div>\n\t\t\t\t<\/div>\n\t\t\t\t\t<\/div>\n\t\t<\/div>\n\t\t\t\t\t<\/div>\n\t\t<\/section>\n\t\t\t\t\t<\/div>\n\t\t<\/div>\n\t\t\t\t\t<\/div>\n\t\t<\/section>\n\t\t\t\t<\/div>\n\t\t","protected":false},"excerpt":{"rendered":"<p>Contact Name* Email* Phone* Message Prenez contact avec nous Adresse Mitwill Textiles Europe SARL 104, rue des Bains F-68390 SAUSHEIM France. T\u00e9l\u00e9phone Ligne fixe : +33 3 89 57 82 73 Cellulaire : +33 6 88 12 21 12 Courrier \u00e9lectronique textiles@mitwill.com<\/p>\n","protected":false},"author":1,"featured_media":0,"parent":0,"menu_order":0,"comment_status":"closed","ping_status":"closed","template":"elementor_header_footer","meta":{"footnotes":""},"class_list":["post-11789","page","type-page","status-publish","hentry"],"yoast_head":"<!-- This site is optimized with the Yoast SEO plugin v23.4 - https:\/\/yoast.com\/wordpress\/plugins\/seo\/ -->\n<title>Contactez Mitwill Textiles | Contactez-nous pour des solutions textiles innovantes<\/title>\n<meta name=\"description\" content=\"Contactez Mitwill Textiles pour des solutions textiles innovantes. Contactez-nous d\u00e8s aujourd&#039;hui pour des demandes de renseignements, des collaborations ou pour en savoir plus sur nos services d&#039;impression de tissus et de fabrication de v\u00eatements durables.\" \/>\n<meta name=\"robots\" content=\"index, follow, max-snippet:-1, max-image-preview:large, max-video-preview:-1\" \/>\n<link rel=\"canonical\" href=\"https:\/\/mitwilltextiles.com\/fr\/contact-us\/\" \/>\n<meta property=\"og:locale\" content=\"fr_FR\" \/>\n<meta property=\"og:type\" content=\"article\" \/>\n<meta property=\"og:title\" content=\"Contactez Mitwill Textiles | Contactez-nous pour des solutions textiles innovantes\" \/>\n<meta property=\"og:description\" content=\"Contactez Mitwill Textiles pour des solutions textiles innovantes. Contactez-nous d\u00e8s aujourd&#039;hui pour des demandes de renseignements, des collaborations ou pour en savoir plus sur nos services d&#039;impression de tissus et de fabrication de v\u00eatements durables.\" \/>\n<meta property=\"og:url\" content=\"https:\/\/mitwilltextiles.com\/fr\/contact-us\/\" \/>\n<meta property=\"og:site_name\" content=\"mitwilltextiles.com\" \/>\n<meta property=\"article:publisher\" content=\"https:\/\/www.facebook.com\/people\/Mitwill-Textiles\/100083273555662\/\" \/>\n<meta property=\"article:modified_time\" content=\"2024-07-30T19:29:50+00:00\" \/>\n<meta name=\"twitter:card\" content=\"summary_large_image\" \/>\n<meta name=\"twitter:label1\" content=\"Dur\u00e9e de lecture estim\u00e9e\" \/>\n\t<meta name=\"twitter:data1\" content=\"1 minute\" \/>\n<script type=\"application\/ld+json\" class=\"yoast-schema-graph\">{\"@context\":\"https:\/\/schema.org\",\"@graph\":[{\"@type\":\"WebPage\",\"@id\":\"https:\/\/mitwilltextiles.com\/fr\/contact-us\/\",\"url\":\"https:\/\/mitwilltextiles.com\/fr\/contact-us\/\",\"name\":\"Contactez Mitwill Textiles | Contactez-nous pour des solutions textiles innovantes\",\"isPartOf\":{\"@id\":\"https:\/\/mitwilltextiles.com\/it\/#website\"},\"datePublished\":\"2024-05-27T11:09:46+00:00\",\"dateModified\":\"2024-07-30T19:29:50+00:00\",\"description\":\"Contactez Mitwill Textiles pour des solutions textiles innovantes. Contactez-nous d\u00e8s aujourd'hui pour des demandes de renseignements, des collaborations ou pour en savoir plus sur nos services d'impression de tissus et de fabrication de v\u00eatements durables.\",\"breadcrumb\":{\"@id\":\"https:\/\/mitwilltextiles.com\/fr\/contact-us\/#breadcrumb\"},\"inLanguage\":\"fr-FR\",\"potentialAction\":[{\"@type\":\"ReadAction\",\"target\":[\"https:\/\/mitwilltextiles.com\/fr\/contact-us\/\"]}]},{\"@type\":\"BreadcrumbList\",\"@id\":\"https:\/\/mitwilltextiles.com\/fr\/contact-us\/#breadcrumb\",\"itemListElement\":[{\"@type\":\"ListItem\",\"position\":1,\"name\":\"Home\",\"item\":\"https:\/\/mitwilltextiles.com\/fr\/\"},{\"@type\":\"ListItem\",\"position\":2,\"name\":\"Contactez nous\"}]},{\"@type\":\"WebSite\",\"@id\":\"https:\/\/mitwilltextiles.com\/it\/#website\",\"url\":\"https:\/\/mitwilltextiles.com\/it\/\",\"name\":\"Mitwill Textiles\",\"description\":\"\",\"publisher\":{\"@id\":\"https:\/\/mitwilltextiles.com\/it\/#organization\"},\"potentialAction\":[{\"@type\":\"SearchAction\",\"target\":{\"@type\":\"EntryPoint\",\"urlTemplate\":\"https:\/\/mitwilltextiles.com\/it\/?s={search_term_string}\"},\"query-input\":{\"@type\":\"PropertyValueSpecification\",\"valueRequired\":true,\"valueName\":\"search_term_string\"}}],\"inLanguage\":\"fr-FR\"},{\"@type\":\"Organization\",\"@id\":\"https:\/\/mitwilltextiles.com\/it\/#organization\",\"name\":\"Mitwill Textiles Europe\",\"url\":\"https:\/\/mitwilltextiles.com\/it\/\",\"logo\":{\"@type\":\"ImageObject\",\"inLanguage\":\"fr-FR\",\"@id\":\"https:\/\/mitwilltextiles.com\/it\/#\/schema\/logo\/image\/\",\"url\":\"https:\/\/mitwilltextiles.com\/wp-content\/uploads\/2024\/07\/logo.jpg\",\"contentUrl\":\"https:\/\/mitwilltextiles.com\/wp-content\/uploads\/2024\/07\/logo.jpg\",\"width\":150,\"height\":150,\"caption\":\"Mitwill Textiles Europe\"},\"image\":{\"@id\":\"https:\/\/mitwilltextiles.com\/it\/#\/schema\/logo\/image\/\"},\"sameAs\":[\"https:\/\/www.facebook.com\/people\/Mitwill-Textiles\/100083273555662\/\",\"https:\/\/www.instagram.com\/mitwilltextiles\/\"]}]}<\/script>\n<!-- \/ Yoast SEO plugin. -->","yoast_head_json":{"title":"Contactez Mitwill Textiles | Contactez-nous pour des solutions textiles innovantes","description":"Contactez Mitwill Textiles pour des solutions textiles innovantes. Contactez-nous d\u00e8s aujourd'hui pour des demandes de renseignements, des collaborations ou pour en savoir plus sur nos services d'impression de tissus et de fabrication de v\u00eatements durables.","robots":{"index":"index","follow":"follow","max-snippet":"max-snippet:-1","max-image-preview":"max-image-preview:large","max-video-preview":"max-video-preview:-1"},"canonical":"https:\/\/mitwilltextiles.com\/fr\/contact-us\/","og_locale":"fr_FR","og_type":"article","og_title":"Contactez Mitwill Textiles | Contactez-nous pour des solutions textiles innovantes","og_description":"Contactez Mitwill Textiles pour des solutions textiles innovantes. Contactez-nous d\u00e8s aujourd'hui pour des demandes de renseignements, des collaborations ou pour en savoir plus sur nos services d'impression de tissus et de fabrication de v\u00eatements durables.","og_url":"https:\/\/mitwilltextiles.com\/fr\/contact-us\/","og_site_name":"mitwilltextiles.com","article_publisher":"https:\/\/www.facebook.com\/people\/Mitwill-Textiles\/100083273555662\/","article_modified_time":"2024-07-30T19:29:50+00:00","twitter_card":"summary_large_image","twitter_misc":{"Dur\u00e9e de lecture estim\u00e9e":"1 minute"},"schema":{"@context":"https:\/\/schema.org","@graph":[{"@type":"WebPage","@id":"https:\/\/mitwilltextiles.com\/fr\/contact-us\/","url":"https:\/\/mitwilltextiles.com\/fr\/contact-us\/","name":"Contactez Mitwill Textiles | Contactez-nous pour des solutions textiles innovantes","isPartOf":{"@id":"https:\/\/mitwilltextiles.com\/it\/#website"},"datePublished":"2024-05-27T11:09:46+00:00","dateModified":"2024-07-30T19:29:50+00:00","description":"Contactez Mitwill Textiles pour des solutions textiles innovantes. Contactez-nous d\u00e8s aujourd'hui pour des demandes de renseignements, des collaborations ou pour en savoir plus sur nos services d'impression de tissus et de fabrication de v\u00eatements durables.","breadcrumb":{"@id":"https:\/\/mitwilltextiles.com\/fr\/contact-us\/#breadcrumb"},"inLanguage":"fr-FR","potentialAction":[{"@type":"ReadAction","target":["https:\/\/mitwilltextiles.com\/fr\/contact-us\/"]}]},{"@type":"BreadcrumbList","@id":"https:\/\/mitwilltextiles.com\/fr\/contact-us\/#breadcrumb","itemListElement":[{"@type":"ListItem","position":1,"name":"Home","item":"https:\/\/mitwilltextiles.com\/fr\/"},{"@type":"ListItem","position":2,"name":"Contactez nous"}]},{"@type":"WebSite","@id":"https:\/\/mitwilltextiles.com\/it\/#website","url":"https:\/\/mitwilltextiles.com\/it\/","name":"Mitwill Textiles","description":"","publisher":{"@id":"https:\/\/mitwilltextiles.com\/it\/#organization"},"potentialAction":[{"@type":"SearchAction","target":{"@type":"EntryPoint","urlTemplate":"https:\/\/mitwilltextiles.com\/it\/?s={search_term_string}"},"query-input":{"@type":"PropertyValueSpecification","valueRequired":true,"valueName":"search_term_string"}}],"inLanguage":"fr-FR"},{"@type":"Organization","@id":"https:\/\/mitwilltextiles.com\/it\/#organization","name":"Mitwill Textiles Europe","url":"https:\/\/mitwilltextiles.com\/it\/","logo":{"@type":"ImageObject","inLanguage":"fr-FR","@id":"https:\/\/mitwilltextiles.com\/it\/#\/schema\/logo\/image\/","url":"https:\/\/mitwilltextiles.com\/wp-content\/uploads\/2024\/07\/logo.jpg","contentUrl":"https:\/\/mitwilltextiles.com\/wp-content\/uploads\/2024\/07\/logo.jpg","width":150,"height":150,"caption":"Mitwill Textiles Europe"},"image":{"@id":"https:\/\/mitwilltextiles.com\/it\/#\/schema\/logo\/image\/"},"sameAs":["https:\/\/www.facebook.com\/people\/Mitwill-Textiles\/100083273555662\/","https:\/\/www.instagram.com\/mitwilltextiles\/"]}]}},"_links":{"self":[{"href":"https:\/\/mitwilltextiles.com\/fr\/wp-json\/wp\/v2\/pages\/11789"}],"collection":[{"href":"https:\/\/mitwilltextiles.com\/fr\/wp-json\/wp\/v2\/pages"}],"about":[{"href":"https:\/\/mitwilltextiles.com\/fr\/wp-json\/wp\/v2\/types\/page"}],"author":[{"embeddable":true,"href":"https:\/\/mitwilltextiles.com\/fr\/wp-json\/wp\/v2\/users\/1"}],"replies":[{"embeddable":true,"href":"https:\/\/mitwilltextiles.com\/fr\/wp-json\/wp\/v2\/comments?post=11789"}],"version-history":[{"count":3,"href":"https:\/\/mitwilltextiles.com\/fr\/wp-json\/wp\/v2\/pages\/11789\/revisions"}],"predecessor-version":[{"id":11825,"href":"https:\/\/mitwilltextiles.com\/fr\/wp-json\/wp\/v2\/pages\/11789\/revisions\/11825"}],"wp:attachment":[{"href":"https:\/\/mitwilltextiles.com\/fr\/wp-json\/wp\/v2\/media?parent=11789"}],"curies":[{"name":"wp","href":"https:\/\/api.w.org\/{rel}","templated":true}]}}