{"id":11815,"date":"2024-07-11T10:28:07","date_gmt":"2024-07-11T10:28:07","guid":{"rendered":"https:\/\/mitwilltextiles.com\/politique-de-confidentialite\/"},"modified":"2024-07-30T19:32:37","modified_gmt":"2024-07-30T19:32:37","slug":"politique-de-confidentialite","status":"publish","type":"page","link":"https:\/\/mitwilltextiles.com\/fr\/politique-de-confidentialite\/","title":{"rendered":"Politique de confidentialit\u00e9"},"content":{"rendered":"\t\t<div data-elementor-type=\"wp-page\" data-elementor-id=\"11815\" class=\"elementor elementor-11815 elementor-2179\" data-elementor-post-type=\"page\">\n\t\t\t\t\t\t<section class=\"elementor-section elementor-top-section elementor-element elementor-element-7b747be elementor-section-boxed elementor-section-height-default elementor-section-height-default\" data-id=\"7b747be\" data-element_type=\"section\" data-settings=\"{&quot;background_background&quot;:&quot;classic&quot;}\">\n\t\t\t\t\t\t<div class=\"elementor-container elementor-column-gap-default\">\n\t\t\t\t\t<div class=\"elementor-column elementor-col-100 elementor-top-column elementor-element elementor-element-5fce511\" data-id=\"5fce511\" data-element_type=\"column\">\n\t\t\t<div class=\"elementor-widget-wrap elementor-element-populated\">\n\t\t\t\t\t\t<div class=\"elementor-element elementor-element-8ba87bf animated-slow elementor-invisible elementor-widget elementor-widget-heading\" data-id=\"8ba87bf\" data-element_type=\"widget\" data-settings=\"{&quot;_animation&quot;:&quot;slideInUp&quot;,&quot;_animation_delay&quot;:10}\" data-widget_type=\"heading.default\">\n\t\t\t\t<div class=\"elementor-widget-container\">\n\t\t\t<h1 class=\"elementor-heading-title elementor-size-default\">Politique de confidentialit\u00e9<\/h1>\t\t<\/div>\n\t\t\t\t<\/div>\n\t\t\t\t<div class=\"elementor-element elementor-element-62547f8 animated-slow elementor-invisible elementor-widget elementor-widget-text-editor\" data-id=\"62547f8\" data-element_type=\"widget\" data-settings=\"{&quot;_animation&quot;:&quot;slideInUp&quot;,&quot;_animation_delay&quot;:10}\" data-widget_type=\"text-editor.default\">\n\t\t\t\t<div class=\"elementor-widget-container\">\n\t\t\t\t\t\t\t<p>Derni\u00e8re mise \u00e0 jour le 10-Jul-2024  <\/p>\n<p>Date d&rsquo;entr\u00e9e en vigueur 10-Jul-2024  <\/p>\n<p>Cette politique de confidentialit\u00e9 d\u00e9crit les politiques de Mitwill Textiles Europe SARL, 104 rue des Bains, SAUSHEIM 68390, France, email : <a href=\"mailto:herve@mitwill.com\">herve@mitwill.com,<\/a> phone : <a href=\"tel:+33389578273\">+33389578273<\/a> sur la collecte, l&rsquo;utilisation et la divulgation des informations que nous recueillons lorsque vous utilisez notre site Web ( <a href=\"https:\/\/mitwilltextiles.com\/fr\/\">https:\/\/mitwilltextiles.com<\/a> ).<br \/>\n(le \u00ab\u00a0Service\u00a0\u00bb).<br \/>\nEn acc\u00e9dant au Service ou en l&rsquo;utilisant, vous consentez \u00e0 la collecte, \u00e0 l&rsquo;utilisation et \u00e0 la divulgation de vos informations conform\u00e9ment \u00e0 la pr\u00e9sente politique de confidentialit\u00e9.<br \/>\nSi vous n&rsquo;y consentez pas, veuillez ne pas acc\u00e9der au service ni l&rsquo;utiliser.     <\/p>\n<p>Nous pouvons modifier la pr\u00e9sente politique de confidentialit\u00e9 \u00e0 tout moment sans vous en informer au pr\u00e9alable et nous publierons la politique de confidentialit\u00e9 r\u00e9vis\u00e9e sur le service.<br \/>\nLa politique r\u00e9vis\u00e9e entrera en vigueur 180 jours apr\u00e8s sa publication dans le service et votre acc\u00e8s ou utilisation continue du service apr\u00e8s cette date constituera votre acceptation de la politique r\u00e9vis\u00e9e de protection de la vie priv\u00e9e.<br \/>\nNous vous recommandons donc de consulter r\u00e9guli\u00e8rement cette page.    <\/p>\n<p><strong>Vos droits :<\/strong> En fonction de la l\u00e9gislation applicable, vous pouvez avoir un droit d&rsquo;acc\u00e8s et de rectification ou d&rsquo;effacement de vos donn\u00e9es \u00e0 caract\u00e8re personnel ou recevoir une copie de vos donn\u00e9es \u00e0 caract\u00e8re personnel, restreindre le traitement actif de vos donn\u00e9es ou vous y opposer, nous demander de partager (portage) vos informations personnelles avec une autre entit\u00e9, retirer tout consentement que vous nous avez donn\u00e9 pour traiter vos donn\u00e9es, un droit de d\u00e9poser une plainte aupr\u00e8s d&rsquo;une autorit\u00e9 statutaire et tout autre droit pertinent en vertu des lois applicables.<br \/>\nPour exercer ces droits, vous pouvez nous \u00e9crire \u00e0 <a href=\"mailto:herve@mitwill.com\">herve@mitwill.com.<\/a><br \/>\nNous r\u00e9pondrons \u00e0 votre demande conform\u00e9ment \u00e0 la l\u00e9gislation applicable.    <\/p>\n<p>Veuillez noter que si vous ne nous autorisez pas \u00e0 collecter ou \u00e0 traiter les informations personnelles requises ou si vous retirez votre consentement au traitement de ces informations aux fins requises, il se peut que vous ne puissiez pas acc\u00e9der aux services pour lesquels vos informations ont \u00e9t\u00e9 demand\u00e9es, ni les utiliser.  <\/p>\n<p><strong>Cookies Etc.<\/strong>  Pour en savoir plus sur la mani\u00e8re dont nous utilisons ces technologies et sur les choix qui s&rsquo;offrent \u00e0 vous en ce qui concerne ces technologies de suivi, veuillez consulter notre politique en mati\u00e8re de cookies.  <\/p>\n<p><strong>S\u00e9curit\u00e9 :<\/strong> La s\u00e9curit\u00e9 de vos informations est importante pour nous et nous utiliserons des mesures de s\u00e9curit\u00e9 raisonnables pour emp\u00eacher la perte, l&rsquo;utilisation abusive ou la modification non autoris\u00e9e de vos informations sous notre contr\u00f4le.<br \/>\nToutefois, compte tenu des risques inh\u00e9rents, nous ne pouvons pas garantir une s\u00e9curit\u00e9 absolue et, par cons\u00e9quent, nous ne pouvons pas assurer ou garantir la s\u00e9curit\u00e9 des informations que vous nous transmettez et vous le faites \u00e0 vos propres risques.   <\/p>\n<p><strong>Griefs \/ D\u00e9l\u00e9gu\u00e9 \u00e0 la protection des donn\u00e9es :<\/strong> Si vous avez des questions ou des pr\u00e9occupations concernant le traitement de vos informations disponibles chez nous, vous pouvez envoyer un courriel \u00e0 notre responsable des griefs \u00e0 Mitwill Textiles Europe SARL, 104 rue des Bains 68390 SAUSHEIM France, courriel : <a href=\"mailto:herve@mitwill.com\">herve@mitwill.com<\/a>.<br \/>\nNous r\u00e9pondrons \u00e0 vos pr\u00e9occupations conform\u00e9ment \u00e0 la loi applicable.   <\/p>\n\t\t\t\t\t\t<\/div>\n\t\t\t\t<\/div>\n\t\t\t\t\t<\/div>\n\t\t<\/div>\n\t\t\t\t\t<\/div>\n\t\t<\/section>\n\t\t\t\t<\/div>\n\t\t","protected":false},"excerpt":{"rendered":"<p>Politique de confidentialit\u00e9 Derni\u00e8re mise \u00e0 jour le 10-Jul-2024 Date d&rsquo;entr\u00e9e en vigueur 10-Jul-2024 Cette politique de confidentialit\u00e9 d\u00e9crit les politiques de Mitwill Textiles Europe SARL, 104 rue des Bains, SAUSHEIM 68390, France, email : herve@mitwill.com, phone : +33389578273 sur la collecte, l&rsquo;utilisation et la divulgation des informations que nous recueillons lorsque vous utilisez notre [&hellip;]<\/p>\n","protected":false},"author":1,"featured_media":0,"parent":0,"menu_order":0,"comment_status":"closed","ping_status":"closed","template":"elementor_header_footer","meta":{"footnotes":""},"class_list":["post-11815","page","type-page","status-publish","hentry"],"yoast_head":"<!-- This site is optimized with the Yoast SEO plugin v23.4 - https:\/\/yoast.com\/wordpress\/plugins\/seo\/ -->\n<title>Politique de confidentialit\u00e9 | Mitwill Textiles<\/title>\n<meta name=\"description\" content=\"Lisez la politique de confidentialit\u00e9 de Mitwill Textiles pour comprendre comment nous collectons, utilisons et prot\u00e9geons vos informations personnelles.\" \/>\n<meta name=\"robots\" content=\"index, follow, max-snippet:-1, max-image-preview:large, max-video-preview:-1\" \/>\n<link rel=\"canonical\" href=\"https:\/\/mitwilltextiles.com\/fr\/politique-de-confidentialite\/\" \/>\n<meta property=\"og:locale\" content=\"fr_FR\" \/>\n<meta property=\"og:type\" content=\"article\" \/>\n<meta property=\"og:title\" content=\"Politique de confidentialit\u00e9 | Mitwill Textiles\" \/>\n<meta property=\"og:description\" content=\"Lisez la politique de confidentialit\u00e9 de Mitwill Textiles pour comprendre comment nous collectons, utilisons et prot\u00e9geons vos informations personnelles.\" \/>\n<meta property=\"og:url\" content=\"https:\/\/mitwilltextiles.com\/fr\/politique-de-confidentialite\/\" \/>\n<meta property=\"og:site_name\" content=\"mitwilltextiles.com\" \/>\n<meta property=\"article:publisher\" content=\"https:\/\/www.facebook.com\/people\/Mitwill-Textiles\/100083273555662\/\" \/>\n<meta property=\"article:modified_time\" content=\"2024-07-30T19:32:37+00:00\" \/>\n<meta name=\"twitter:card\" content=\"summary_large_image\" \/>\n<meta name=\"twitter:label1\" content=\"Dur\u00e9e de lecture estim\u00e9e\" \/>\n\t<meta name=\"twitter:data1\" content=\"3 minutes\" \/>\n<script type=\"application\/ld+json\" class=\"yoast-schema-graph\">{\"@context\":\"https:\/\/schema.org\",\"@graph\":[{\"@type\":\"WebPage\",\"@id\":\"https:\/\/mitwilltextiles.com\/fr\/politique-de-confidentialite\/\",\"url\":\"https:\/\/mitwilltextiles.com\/fr\/politique-de-confidentialite\/\",\"name\":\"Politique de confidentialit\u00e9 | Mitwill Textiles\",\"isPartOf\":{\"@id\":\"https:\/\/mitwilltextiles.com\/it\/#website\"},\"datePublished\":\"2024-07-11T10:28:07+00:00\",\"dateModified\":\"2024-07-30T19:32:37+00:00\",\"description\":\"Lisez la politique de confidentialit\u00e9 de Mitwill Textiles pour comprendre comment nous collectons, utilisons et prot\u00e9geons vos informations personnelles.\",\"breadcrumb\":{\"@id\":\"https:\/\/mitwilltextiles.com\/fr\/politique-de-confidentialite\/#breadcrumb\"},\"inLanguage\":\"fr-FR\",\"potentialAction\":[{\"@type\":\"ReadAction\",\"target\":[\"https:\/\/mitwilltextiles.com\/fr\/politique-de-confidentialite\/\"]}]},{\"@type\":\"BreadcrumbList\",\"@id\":\"https:\/\/mitwilltextiles.com\/fr\/politique-de-confidentialite\/#breadcrumb\",\"itemListElement\":[{\"@type\":\"ListItem\",\"position\":1,\"name\":\"Home\",\"item\":\"https:\/\/mitwilltextiles.com\/fr\/\"},{\"@type\":\"ListItem\",\"position\":2,\"name\":\"Politique de confidentialit\u00e9\"}]},{\"@type\":\"WebSite\",\"@id\":\"https:\/\/mitwilltextiles.com\/it\/#website\",\"url\":\"https:\/\/mitwilltextiles.com\/it\/\",\"name\":\"Mitwill Textiles\",\"description\":\"\",\"publisher\":{\"@id\":\"https:\/\/mitwilltextiles.com\/it\/#organization\"},\"potentialAction\":[{\"@type\":\"SearchAction\",\"target\":{\"@type\":\"EntryPoint\",\"urlTemplate\":\"https:\/\/mitwilltextiles.com\/it\/?s={search_term_string}\"},\"query-input\":{\"@type\":\"PropertyValueSpecification\",\"valueRequired\":true,\"valueName\":\"search_term_string\"}}],\"inLanguage\":\"fr-FR\"},{\"@type\":\"Organization\",\"@id\":\"https:\/\/mitwilltextiles.com\/it\/#organization\",\"name\":\"Mitwill Textiles Europe\",\"url\":\"https:\/\/mitwilltextiles.com\/it\/\",\"logo\":{\"@type\":\"ImageObject\",\"inLanguage\":\"fr-FR\",\"@id\":\"https:\/\/mitwilltextiles.com\/it\/#\/schema\/logo\/image\/\",\"url\":\"https:\/\/mitwilltextiles.com\/wp-content\/uploads\/2024\/07\/logo.jpg\",\"contentUrl\":\"https:\/\/mitwilltextiles.com\/wp-content\/uploads\/2024\/07\/logo.jpg\",\"width\":150,\"height\":150,\"caption\":\"Mitwill Textiles Europe\"},\"image\":{\"@id\":\"https:\/\/mitwilltextiles.com\/it\/#\/schema\/logo\/image\/\"},\"sameAs\":[\"https:\/\/www.facebook.com\/people\/Mitwill-Textiles\/100083273555662\/\",\"https:\/\/www.instagram.com\/mitwilltextiles\/\"]}]}<\/script>\n<!-- \/ Yoast SEO plugin. -->","yoast_head_json":{"title":"Politique de confidentialit\u00e9 | Mitwill Textiles","description":"Lisez la politique de confidentialit\u00e9 de Mitwill Textiles pour comprendre comment nous collectons, utilisons et prot\u00e9geons vos informations personnelles.","robots":{"index":"index","follow":"follow","max-snippet":"max-snippet:-1","max-image-preview":"max-image-preview:large","max-video-preview":"max-video-preview:-1"},"canonical":"https:\/\/mitwilltextiles.com\/fr\/politique-de-confidentialite\/","og_locale":"fr_FR","og_type":"article","og_title":"Politique de confidentialit\u00e9 | Mitwill Textiles","og_description":"Lisez la politique de confidentialit\u00e9 de Mitwill Textiles pour comprendre comment nous collectons, utilisons et prot\u00e9geons vos informations personnelles.","og_url":"https:\/\/mitwilltextiles.com\/fr\/politique-de-confidentialite\/","og_site_name":"mitwilltextiles.com","article_publisher":"https:\/\/www.facebook.com\/people\/Mitwill-Textiles\/100083273555662\/","article_modified_time":"2024-07-30T19:32:37+00:00","twitter_card":"summary_large_image","twitter_misc":{"Dur\u00e9e de lecture estim\u00e9e":"3 minutes"},"schema":{"@context":"https:\/\/schema.org","@graph":[{"@type":"WebPage","@id":"https:\/\/mitwilltextiles.com\/fr\/politique-de-confidentialite\/","url":"https:\/\/mitwilltextiles.com\/fr\/politique-de-confidentialite\/","name":"Politique de confidentialit\u00e9 | Mitwill Textiles","isPartOf":{"@id":"https:\/\/mitwilltextiles.com\/it\/#website"},"datePublished":"2024-07-11T10:28:07+00:00","dateModified":"2024-07-30T19:32:37+00:00","description":"Lisez la politique de confidentialit\u00e9 de Mitwill Textiles pour comprendre comment nous collectons, utilisons et prot\u00e9geons vos informations personnelles.","breadcrumb":{"@id":"https:\/\/mitwilltextiles.com\/fr\/politique-de-confidentialite\/#breadcrumb"},"inLanguage":"fr-FR","potentialAction":[{"@type":"ReadAction","target":["https:\/\/mitwilltextiles.com\/fr\/politique-de-confidentialite\/"]}]},{"@type":"BreadcrumbList","@id":"https:\/\/mitwilltextiles.com\/fr\/politique-de-confidentialite\/#breadcrumb","itemListElement":[{"@type":"ListItem","position":1,"name":"Home","item":"https:\/\/mitwilltextiles.com\/fr\/"},{"@type":"ListItem","position":2,"name":"Politique de confidentialit\u00e9"}]},{"@type":"WebSite","@id":"https:\/\/mitwilltextiles.com\/it\/#website","url":"https:\/\/mitwilltextiles.com\/it\/","name":"Mitwill Textiles","description":"","publisher":{"@id":"https:\/\/mitwilltextiles.com\/it\/#organization"},"potentialAction":[{"@type":"SearchAction","target":{"@type":"EntryPoint","urlTemplate":"https:\/\/mitwilltextiles.com\/it\/?s={search_term_string}"},"query-input":{"@type":"PropertyValueSpecification","valueRequired":true,"valueName":"search_term_string"}}],"inLanguage":"fr-FR"},{"@type":"Organization","@id":"https:\/\/mitwilltextiles.com\/it\/#organization","name":"Mitwill Textiles Europe","url":"https:\/\/mitwilltextiles.com\/it\/","logo":{"@type":"ImageObject","inLanguage":"fr-FR","@id":"https:\/\/mitwilltextiles.com\/it\/#\/schema\/logo\/image\/","url":"https:\/\/mitwilltextiles.com\/wp-content\/uploads\/2024\/07\/logo.jpg","contentUrl":"https:\/\/mitwilltextiles.com\/wp-content\/uploads\/2024\/07\/logo.jpg","width":150,"height":150,"caption":"Mitwill Textiles Europe"},"image":{"@id":"https:\/\/mitwilltextiles.com\/it\/#\/schema\/logo\/image\/"},"sameAs":["https:\/\/www.facebook.com\/people\/Mitwill-Textiles\/100083273555662\/","https:\/\/www.instagram.com\/mitwilltextiles\/"]}]}},"_links":{"self":[{"href":"https:\/\/mitwilltextiles.com\/fr\/wp-json\/wp\/v2\/pages\/11815"}],"collection":[{"href":"https:\/\/mitwilltextiles.com\/fr\/wp-json\/wp\/v2\/pages"}],"about":[{"href":"https:\/\/mitwilltextiles.com\/fr\/wp-json\/wp\/v2\/types\/page"}],"author":[{"embeddable":true,"href":"https:\/\/mitwilltextiles.com\/fr\/wp-json\/wp\/v2\/users\/1"}],"replies":[{"embeddable":true,"href":"https:\/\/mitwilltextiles.com\/fr\/wp-json\/wp\/v2\/comments?post=11815"}],"version-history":[{"count":2,"href":"https:\/\/mitwilltextiles.com\/fr\/wp-json\/wp\/v2\/pages\/11815\/revisions"}],"predecessor-version":[{"id":11817,"href":"https:\/\/mitwilltextiles.com\/fr\/wp-json\/wp\/v2\/pages\/11815\/revisions\/11817"}],"wp:attachment":[{"href":"https:\/\/mitwilltextiles.com\/fr\/wp-json\/wp\/v2\/media?parent=11815"}],"curies":[{"name":"wp","href":"https:\/\/api.w.org\/{rel}","templated":true}]}}